{"id":5757,"date":"2024-06-16T12:00:48","date_gmt":"2024-06-16T11:00:48","guid":{"rendered":"https:\/\/xn--smnexperten-rfb.se\/?page_id=5757"},"modified":"2024-06-18T07:47:22","modified_gmt":"2024-06-18T06:47:22","slug":"site-map","status":"publish","type":"page","link":"https:\/\/xn--smnexperten-rfb.se\/sv\/site-map\/","title":{"rendered":"Sitemap"},"content":{"rendered":"<style>.kb-row-layout-id5757_0c39cd-63 > .kt-row-column-wrap{align-content:start;}:where(.kb-row-layout-id5757_0c39cd-63 > .kt-row-column-wrap) > .wp-block-kadence-column{justify-content:start;}.kb-row-layout-id5757_0c39cd-63 > .kt-row-column-wrap{column-gap:var(--global-kb-gap-md, 2rem);row-gap:var(--global-kb-gap-md, 2rem);max-width:var( --global-content-width, 1290px );padding-left:var(--global-content-edge-padding);padding-right:var(--global-content-edge-padding);padding-top:var(--global-kb-spacing-xl, 4rem);padding-right:0px;padding-bottom:var(--global-kb-spacing-xl, 4rem);padding-left:0px;grid-template-columns:minmax(0, 1fr);}.kb-row-layout-id5757_0c39cd-63 > .kt-row-layout-overlay{opacity:0.30;}@media all and (max-width: 1024px){.kb-row-layout-id5757_0c39cd-63 > .kt-row-column-wrap{grid-template-columns:minmax(0, 1fr);}}@media all and (max-width: 767px){.kb-row-layout-id5757_0c39cd-63 > .kt-row-column-wrap{grid-template-columns:minmax(0, 1fr);}}<\/style><div class=\"kb-row-layout-wrap kb-row-layout-id5757_0c39cd-63 alignnone wp-block-kadence-rowlayout\"><div class=\"kt-row-column-wrap kt-has-1-columns kt-row-layout-equal kt-tab-layout-inherit kt-mobile-layout-row kt-row-valign-top kb-theme-content-width\">\n<style>.kadence-column5757_d8919b-43 > .kt-inside-inner-col,.kadence-column5757_d8919b-43 > .kt-inside-inner-col:before{border-top-left-radius:0px;border-top-right-radius:0px;border-bottom-right-radius:0px;border-bottom-left-radius:0px;}.kadence-column5757_d8919b-43 > .kt-inside-inner-col{column-gap:var(--global-kb-gap-sm, 1rem);}.kadence-column5757_d8919b-43 > .kt-inside-inner-col{flex-direction:column;}.kadence-column5757_d8919b-43 > .kt-inside-inner-col > .aligncenter{width:100%;}.kadence-column5757_d8919b-43 > .kt-inside-inner-col:before{opacity:0.3;}.kadence-column5757_d8919b-43{position:relative;}@media all and (max-width: 1024px){.kadence-column5757_d8919b-43 > .kt-inside-inner-col{flex-direction:column;}}@media all and (max-width: 767px){.kadence-column5757_d8919b-43 > .kt-inside-inner-col{flex-direction:column;}}<\/style>\n<div class=\"wp-block-kadence-column kadence-column5757_d8919b-43\"><div class=\"kt-inside-inner-col\"><div class=\"wrap-html-sitemap sp-html-sitemap\"><div class=\"sp-wrap-cpt\"><h2 class=\"sp-cpt-name\">Sidor<\/h2><ul class=\"sp-list-posts sp-cpt-hierarchical\"><li class=\"page_item page-item-6643\"><a href=\"https:\/\/xn--smnexperten-rfb.se\/sv\/6643-2\/\">Kontakta S\u00f6mnexperten<\/a><\/li><li class=\"page_item page-item-5757\"><a href=\"https:\/\/xn--smnexperten-rfb.se\/sv\/site-map\/\" aria-current=\"page\">Sitemap<\/a><\/li><li class=\"page_item page-item-3578\"><a href=\"https:\/\/xn--smnexperten-rfb.se\/sv\/quiz\/\">Quiz<\/a><\/li><li class=\"page_item page-item-1595\"><a href=\"https:\/\/xn--smnexperten-rfb.se\/sv\/somnsvarigheter\/\">S\u00f6mnsv\u00e5righeter<\/a><\/li><li class=\"page_item page-item-1565\"><a href=\"https:\/\/xn--smnexperten-rfb.se\/sv\/basta-madrasser\/\">B\u00e4sta Madrasser<\/a><\/li><li class=\"page_item page-item-1430\"><a href=\"https:\/\/xn--smnexperten-rfb.se\/sv\/kuddar\/\">Kuddar<\/a><\/li><li class=\"page_item page-item-1402\"><a href=\"https:\/\/xn--smnexperten-rfb.se\/sv\/tacken\/\">T\u00e4cken<\/a><\/li><li class=\"page_item page-item-1388\"><a href=\"https:\/\/xn--smnexperten-rfb.se\/sv\/kopguide\/\">Artikelbank<\/a><\/li><li class=\"page_item page-item-1233\"><a href=\"https:\/\/xn--smnexperten-rfb.se\/sv\/madrass-deals\/\">Madrass Deals<\/a><\/li><li class=\"page_item page-item-41 current_page_parent\"><a href=\"https:\/\/xn--smnexperten-rfb.se\/sv\/artiklar\/\">Artiklar<\/a><\/li><li class=\"page_item page-item-30\"><a href=\"https:\/\/xn--smnexperten-rfb.se\/sv\/\">S\u00f6mnexperten<\/a><\/li><\/ul><\/div><div class=\"sp-wrap-cpt\"><h2 class=\"sp-cpt-name\">Inl\u00e4gg<\/h2><div class=\"sp-wrap-cats\"><div class=\"sp-wrap-cat\"><h3 class=\"sp-cat-name\"><a href=\"https:\/\/xn--smnexperten-rfb.se\/sv\/category\/bast-i-test\/\">B\u00e4st i test<\/a><\/h3><ul class=\"sp-list-posts\"><li><a href=\"https:\/\/xn--smnexperten-rfb.se\/sv\/tacken\/basta-duntacket\/\">B\u00e4sta Dunt\u00e4cket<\/a><\/li><\/ul><\/div><div class=\"sp-wrap-cat\"><h3 class=\"sp-cat-name\"><a href=\"https:\/\/xn--smnexperten-rfb.se\/sv\/category\/bebisar\/\">Bebisar<\/a><\/h3><ul class=\"sp-list-posts\"><li><a href=\"https:\/\/xn--smnexperten-rfb.se\/sv\/bebisar\/somnregression-for-bebisar\/\">S\u00f6mnregression f\u00f6r bebisar<\/a><\/li><\/ul><\/div><div class=\"sp-wrap-cat\"><h3 class=\"sp-cat-name\"><a href=\"https:\/\/xn--smnexperten-rfb.se\/sv\/category\/guider\/\">Guider<\/a><\/h3><ul class=\"sp-list-posts\"><li><a href=\"https:\/\/xn--smnexperten-rfb.se\/sv\/guider\/sa-tvattar-du-din-kudde-ratt-komplett-skotselguide\/\">Hur tv\u00e4ttar man kuddar? \u2013 Komplett Tv\u00e4ttguide<\/a><\/li><li><a href=\"https:\/\/xn--smnexperten-rfb.se\/sv\/guider\/somnexpertens-kopguide\/\">S\u00f6mnexpertens K\u00f6pguide<\/a><\/li><li><a href=\"https:\/\/xn--smnexperten-rfb.se\/sv\/guider\/storleksguide\/\">Madrass Storleks Guide<\/a><\/li><li><a href=\"https:\/\/xn--smnexperten-rfb.se\/sv\/guider\/madrassvards-guide\/\">Madrassv\u00e5rds Guide<\/a><\/li><\/ul><\/div><div class=\"sp-wrap-cat\"><h3 class=\"sp-cat-name\"><a href=\"https:\/\/xn--smnexperten-rfb.se\/sv\/category\/huvudvark\/\">Huvudv\u00e4rk<\/a><\/h3><ul class=\"sp-list-posts\"><li><a href=\"https:\/\/xn--smnexperten-rfb.se\/sv\/huvudvark\/varfor-vaknar-du-med-migran\/\">Varf\u00f6r vaknar du med migr\u00e4n?<\/a><\/li><li><a href=\"https:\/\/xn--smnexperten-rfb.se\/sv\/huvudvark\/bota-migran-snabbt\/\">Bota migr\u00e4n snabbt: 6 metoder som fungerar<\/a><\/li><li><a href=\"https:\/\/xn--smnexperten-rfb.se\/sv\/huvudvark\/vakna-med-huvudvark\/\">Vaknar du med huvudv\u00e4rk? &#8211; Kan bero p\u00e5 s\u00f6mnbrist<\/a><\/li><\/ul><\/div><div class=\"sp-wrap-cat\"><h3 class=\"sp-cat-name\"><a href=\"https:\/\/xn--smnexperten-rfb.se\/sv\/category\/kuddar\/\">Kuddar<\/a><\/h3><ul class=\"sp-list-posts\"><li><a href=\"https:\/\/xn--smnexperten-rfb.se\/sv\/guider\/sa-tvattar-du-din-kudde-ratt-komplett-skotselguide\/\">Hur tv\u00e4ttar man kuddar? \u2013 Komplett Tv\u00e4ttguide<\/a><\/li><li><a href=\"https:\/\/xn--smnexperten-rfb.se\/sv\/kuddar\/hur-ofta-ska-man-byta-kudde\/\">Hur ofta ska man byta kudde?<\/a><\/li><li><a href=\"https:\/\/xn--smnexperten-rfb.se\/sv\/kuddar\/hotellkudde-50x90cm-bast-i-test\/\">Hotellkudde 50x90cm B\u00e4st i test<\/a><\/li><li><a href=\"https:\/\/xn--smnexperten-rfb.se\/sv\/kuddar\/tempur-millennium-tempur-original\/\">Tempur Millennium eller Tempur Original? Hitta r\u00e4tt kudde f\u00f6r dig<\/a><\/li><li><a href=\"https:\/\/xn--smnexperten-rfb.se\/sv\/kuddar\/basta-kudden-for-sidosovare\/\">B\u00e4sta Kudden f\u00f6r Sidosovare<\/a><\/li><li><a href=\"https:\/\/xn--smnexperten-rfb.se\/sv\/kuddar\/basta-kudden-for-ont-i-nacken\/\">B\u00e4sta kudde f\u00f6r ont i nacken<\/a><\/li><li><a href=\"https:\/\/xn--smnexperten-rfb.se\/sv\/kuddar\/ergonomisk-kudde\/\">Ergonomisk kudde b\u00e4st i test<\/a><\/li><li><a href=\"https:\/\/xn--smnexperten-rfb.se\/sv\/kuddar\/hotellkudde-70x100cm\/\">Hotellkudde 70x100cm | B\u00e4st i test<\/a><\/li><\/ul><\/div><div class=\"sp-wrap-cat\"><h3 class=\"sp-cat-name\"><a href=\"https:\/\/xn--smnexperten-rfb.se\/sv\/category\/madrass\/\">Madrass<\/a><\/h3><ul class=\"sp-list-posts\"><li><a href=\"https:\/\/xn--smnexperten-rfb.se\/sv\/madrass\/somnbrist-konsekvenser-och-hur-du-kan-forebygga-det\/\">S\u00f6mnbrist \u2013 Konsekvenser och Hur Du Kan F\u00f6rebygga Det<\/a><\/li><li><a href=\"https:\/\/xn--smnexperten-rfb.se\/sv\/madrass\/somnproblem-hur-en-somncoach-och-somnprodukter-kan-hjalpa\/\">S\u00f6mnproblem \u2013 Hur en S\u00f6mncoach och S\u00f6mnprodukter Kan Hj\u00e4lpa<\/a><\/li><li><a href=\"https:\/\/xn--smnexperten-rfb.se\/sv\/madrass\/tyngdtacke-barn-bast-i-test\/\">Tyngdt\u00e4cke barn | B\u00e4st i Test 3 och 5kg<\/a><\/li><li><a href=\"https:\/\/xn--smnexperten-rfb.se\/sv\/madrass\/tyngdtacke-9kg-bast-i-test\/\">Tyngdt\u00e4cke 9kg | B\u00e4st i test<\/a><\/li><li><a href=\"https:\/\/xn--smnexperten-rfb.se\/sv\/madrass\/tyngdtacke-7kg-bast-i-test\/\">Tyngdt\u00e4cke 7kg | B\u00e4st i test<\/a><\/li><li><a href=\"https:\/\/xn--smnexperten-rfb.se\/sv\/madrass\/basta-kudden-for-ryggsovare\/\">B\u00e4sta Kudden f\u00f6r Ryggsovare<\/a><\/li><\/ul><\/div><div class=\"sp-wrap-cat\"><h3 class=\"sp-cat-name\"><a href=\"https:\/\/xn--smnexperten-rfb.se\/sv\/category\/madrasser\/\">Madrasser<\/a><\/h3><ul class=\"sp-list-posts\"><li><a href=\"https:\/\/xn--smnexperten-rfb.se\/sv\/madrasser\/basta-madrassen-for-ryggsovare\/\">B\u00e4sta madrassen f\u00f6r ryggont<\/a><\/li><li><a href=\"https:\/\/xn--smnexperten-rfb.se\/sv\/madrasser\/basta-madrassen-for-sidosovare\/\">B\u00e4sta madrassen f\u00f6r sidosovare<\/a><\/li><li><a href=\"https:\/\/xn--smnexperten-rfb.se\/sv\/madrasser\/kan-en-madrass-orsaka-ryggont\/\">Kan en madrass orsaka ryggont?<\/a><\/li><li><a href=\"https:\/\/xn--smnexperten-rfb.se\/sv\/madrasser\/basta-madrassen-for-smarta-i-axeln\/\">B\u00e4sta madrassen f\u00f6r sm\u00e4rta i axeln<\/a><\/li><\/ul><\/div><div class=\"sp-wrap-cat\"><h3 class=\"sp-cat-name\"><a href=\"https:\/\/xn--smnexperten-rfb.se\/sv\/category\/skada\/\">Skada<\/a><\/h3><ul class=\"sp-list-posts\"><li><a href=\"https:\/\/xn--smnexperten-rfb.se\/sv\/skada\/ont-i-sidan-av-ryggen-tips-rad\/\">Ont i sidan av ryggen &#8211; Tips &amp; r\u00e5d<\/a><\/li><li><a href=\"https:\/\/xn--smnexperten-rfb.se\/sv\/skada\/ont-mellan-skulderbladen\/\">Ont mellan Skulderbladen? Tips &amp; R\u00e5d<\/a><\/li><li><a href=\"https:\/\/xn--smnexperten-rfb.se\/sv\/skada\/basta-kudden-for-ont-i-axeln\/\">Ont i axeln n\u00e4r du sover p\u00e5 sidan?<\/a><\/li><li><a href=\"https:\/\/xn--smnexperten-rfb.se\/sv\/skada\/basta-madrassen-for-hoftsmarta\/\">Ont i h\u00f6ften n\u00e4r du sover p\u00e5 sidan<\/a><\/li><li><a href=\"https:\/\/xn--smnexperten-rfb.se\/sv\/skada\/ont-i-landryggen\/\">Ont i l\u00e4ndryggen p\u00e5 morgonen? Kan bero p\u00e5 din madrass<\/a><\/li><\/ul><\/div><div class=\"sp-wrap-cat\"><h3 class=\"sp-cat-name\"><a href=\"https:\/\/xn--smnexperten-rfb.se\/sv\/category\/somnsvarigheter\/\">S\u00f6mnsv\u00e5righeter<\/a><\/h3><ul class=\"sp-list-posts\"><li><a href=\"https:\/\/xn--smnexperten-rfb.se\/sv\/somnsvarigheter\/svettningar-om-natten\/\">S\u00e5 blir du av med nattliga svettningar<\/a><\/li><li><a href=\"https:\/\/xn--smnexperten-rfb.se\/sv\/somnsvarigheter\/kan-du-inte-sova-somnexperten-tipsar\/\">Vad ska man g\u00f6ra om man inte kan sova?<\/a><\/li><li><a href=\"https:\/\/xn--smnexperten-rfb.se\/sv\/somnsvarigheter\/somna-snabbt-2025\/\">Kan inte somna fast jag \u00e4r tr\u00f6tt (Viktiga fakta och s\u00f6mntips)<\/a><\/li><li><a href=\"https:\/\/xn--smnexperten-rfb.se\/sv\/somnsvarigheter\/narkolepsi\/\">Narkolepsi<\/a><\/li><li><a href=\"https:\/\/xn--smnexperten-rfb.se\/sv\/somnsvarigheter\/somnapne\/\">S\u00f6mnapn\u00e9<\/a><\/li><li><a href=\"https:\/\/xn--smnexperten-rfb.se\/sv\/somnsvarigheter\/insomni\/\">Vad \u00e4r insomni?<\/a><\/li><\/ul><\/div><div class=\"sp-wrap-cat\"><h3 class=\"sp-cat-name\"><a href=\"https:\/\/xn--smnexperten-rfb.se\/sv\/category\/tacken\/\">T\u00e4cken<\/a><\/h3><ul class=\"sp-list-posts\"><li><a href=\"https:\/\/xn--smnexperten-rfb.se\/sv\/tacken\/varmt-tacke-bast-i-test\/\">6 varma t\u00e4cken f\u00f6r kalla n\u00e4tter &#8211; testade hemma<\/a><\/li><li><a href=\"https:\/\/xn--smnexperten-rfb.se\/sv\/tacken\/basta-sommartacket\/\">6 sommart\u00e4cken f\u00f6r en sval och bekv\u00e4m s\u00f6mn &#8211; testade hemma<\/a><\/li><li><a href=\"https:\/\/xn--smnexperten-rfb.se\/sv\/tacken\/basta-fibertacket\/\">B\u00e4sta Fibert\u00e4cket<\/a><\/li><li><a href=\"https:\/\/xn--smnexperten-rfb.se\/sv\/tacken\/basta-tyngdtacket\/\">B\u00e4sta Tyngdt\u00e4cket<\/a><\/li><li><a href=\"https:\/\/xn--smnexperten-rfb.se\/sv\/tacken\/basta-duntacket\/\">B\u00e4sta Dunt\u00e4cket<\/a><\/li><\/ul><\/div><\/div><\/div><\/div>\n<\/div><\/div>\n\n<\/div><\/div>","protected":false},"excerpt":{"rendered":"","protected":false},"author":1,"featured_media":0,"parent":0,"menu_order":0,"comment_status":"closed","ping_status":"closed","template":"","meta":{"_acf_changed":false,"_seopress_robots_primary_cat":"","_seopress_titles_title":"","_seopress_titles_desc":"","_seopress_robots_index":"","_kad_blocks_custom_css":"","_kad_blocks_head_custom_js":"","_kad_blocks_body_custom_js":"","_kad_blocks_footer_custom_js":"","_kadence_starter_templates_imported_post":false,"_kad_post_transparent":"","_kad_post_title":"","_kad_post_layout":"","_kad_post_sidebar_id":"","_kad_post_content_style":"","_kad_post_vertical_padding":"","_kad_post_feature":"","_kad_post_feature_position":"","_kad_post_header":false,"_kad_post_footer":false,"footnotes":""},"class_list":["post-5757","page","type-page","status-publish","hentry"],"acf":[],"taxonomy_info":[],"featured_image_src_large":false,"author_info":{"display_name":"S\u00f6mnexperten","author_link":"https:\/\/xn--smnexperten-rfb.se\/sv\/author\/smnexper\/"},"comment_info":0,"_links":{"self":[{"href":"https:\/\/xn--smnexperten-rfb.se\/sv\/wp-json\/wp\/v2\/pages\/5757","targetHints":{"allow":["GET"]}}],"collection":[{"href":"https:\/\/xn--smnexperten-rfb.se\/sv\/wp-json\/wp\/v2\/pages"}],"about":[{"href":"https:\/\/xn--smnexperten-rfb.se\/sv\/wp-json\/wp\/v2\/types\/page"}],"author":[{"embeddable":true,"href":"https:\/\/xn--smnexperten-rfb.se\/sv\/wp-json\/wp\/v2\/users\/1"}],"replies":[{"embeddable":true,"href":"https:\/\/xn--smnexperten-rfb.se\/sv\/wp-json\/wp\/v2\/comments?post=5757"}],"version-history":[{"count":5,"href":"https:\/\/xn--smnexperten-rfb.se\/sv\/wp-json\/wp\/v2\/pages\/5757\/revisions"}],"predecessor-version":[{"id":5776,"href":"https:\/\/xn--smnexperten-rfb.se\/sv\/wp-json\/wp\/v2\/pages\/5757\/revisions\/5776"}],"wp:attachment":[{"href":"https:\/\/xn--smnexperten-rfb.se\/sv\/wp-json\/wp\/v2\/media?parent=5757"}],"curies":[{"name":"wp","href":"https:\/\/api.w.org\/{rel}","templated":true}]}}