{"id":6643,"date":"2024-10-12T20:35:49","date_gmt":"2024-10-12T19:35:49","guid":{"rendered":"https:\/\/xn--smnexperten-rfb.se\/?page_id=6643"},"modified":"2024-10-12T21:41:38","modified_gmt":"2024-10-12T20:41:38","slug":"6643-2","status":"publish","type":"page","link":"https:\/\/xn--smnexperten-rfb.se\/sv\/6643-2\/","title":{"rendered":"Kontakta S\u00f6mnexperten"},"content":{"rendered":"<p class=\"has-text-align-center\"><\/p>\n\n\n\n<p class=\"has-text-align-center\">Beh\u00f6ver du komma i kontakt med oss? <br>Fyll i v\u00e5rt kontaktformul\u00e4r, s\u00e5 \u00e5terkommer vi till dig s\u00e5 snart som m\u00f6jligt!<\/p>\n\n\n<style>.kadence-form-6643_863a09-2d .kb-form .kadence-blocks-form-field .kb-text-style-field, .kadence-form-6643_863a09-2d .kb-form .kadence-blocks-form-field .kb-select-style-field{background:var(--global-palette7, #EDF2F7);border-color:var(--global-palette4, #2D3748);}.kb-form input.kadence-blocks-field.verify{opacity:0.0;position:absolute;top:0.0;left:0.0;width:0.0;height:0.0;z-index:-1;}<\/style>\n<div class=\"wp-block-kadence-form kadence-form-6643_863a09-2d kb-form-wrap\"><form class=\"kb-form\" action=\"\" method=\"post\" data-trp-original-action=\"\"><div class=\"kadence-blocks-form-field kb-field-desk-width-100 kb-input-size-standard\"><label for=\"kb_field_6643_863a09-2d_0\">Namn<\/label><input name=\"kb_field_0\" id=\"kb_field_6643_863a09-2d_0\" data-label=\"Namn\" type=\"text\" placeholder=\"\" value=\"\" data-type=\"text\" class=\"kb-field kb-text-style-field kb-text-field kb-field-0\"\/><\/div><div class=\"kadence-blocks-form-field kb-form-field-1 kb-field-desk-width-100 kb-input-size-standard\"><label for=\"kb_field_6643_863a09-2d_1\">Email<\/label><input name=\"kb_field_1\" id=\"kb_field_6643_863a09-2d_1\" data-label=\"Email\" type=\"email\" placeholder=\"\" value=\"\" data-type=\"email\" class=\"kb-field kb-text-style-field kb-email-field kb-field-1\"\/><\/div><div class=\"kadence-blocks-form-field kb-form-field-2 kb-field-desk-width-100 kb-input-size-standard\"><label for=\"kb_field_6643_863a09-2d_2\">Meddelande<\/label><textarea name=\"kb_field_2\" id=\"kb_field_6643_863a09-2d_2\" data-label=\"Meddelande\" type=\"textarea\" placeholder=\"\" data-type=\"textarea\" class=\"kb-field kb-text-style-field kb-textarea-field kb-field-2\" rows=\"4\"><\/textarea><\/div><input type=\"hidden\" name=\"_kb_form_id\" value=\"6643_863a09-2d\"\/><input type=\"hidden\" name=\"_kb_form_post_id\" value=\"6643\"\/><input type=\"hidden\" name=\"action\" value=\"kb_process_ajax_submit\"\/><input class=\"kadence-blocks-field verify\" type=\"text\" name=\"_kb_verify_email\" autocomplete=\"new-password\" aria-hidden=\"true\" placeholder=\"Email\" tabindex=\"-1\" data-1p-ignore=\"true\" data-lpignore=\"true\" \/><div class=\"kadence-blocks-form-field kb-submit-field kb-field-desk-width-100\"><button class=\"kb-forms-submit button kb-button-size-standard kb-button-width-auto\">Skicka<\/button><\/div><input type=\"hidden\" name=\"trp-form-language\" value=\"sv\"\/><\/form><\/div>\n<noscript><div class=\"kadence-blocks-form-message kadence-blocks-form-warning\">Please enable JavaScript in your browser to submit the form<\/div><style>.kadence-form-6643_863a09-2d .kadence-blocks-form-field.kb-submit-field { display: none; }<\/style><\/noscript>\n\n\n<p><\/p>","protected":false},"excerpt":{"rendered":"<p>Beh\u00f6ver du komma i kontakt med oss? Fyll i v\u00e5rt kontaktformul\u00e4r, s\u00e5 \u00e5terkommer vi till dig s\u00e5 snart som m\u00f6jligt!<\/p>","protected":false},"author":1,"featured_media":0,"parent":0,"menu_order":0,"comment_status":"closed","ping_status":"closed","template":"","meta":{"_acf_changed":false,"_seopress_robots_primary_cat":"","_seopress_titles_title":"","_seopress_titles_desc":"","_seopress_robots_index":"","_kad_blocks_custom_css":"","_kad_blocks_head_custom_js":"","_kad_blocks_body_custom_js":"","_kad_blocks_footer_custom_js":"","_kadence_starter_templates_imported_post":false,"_kad_post_transparent":"","_kad_post_title":"","_kad_post_layout":"","_kad_post_sidebar_id":"","_kad_post_content_style":"","_kad_post_vertical_padding":"","_kad_post_feature":"","_kad_post_feature_position":"","_kad_post_header":false,"_kad_post_footer":false,"footnotes":""},"class_list":["post-6643","page","type-page","status-publish","hentry"],"acf":[],"taxonomy_info":[],"featured_image_src_large":false,"author_info":{"display_name":"S\u00f6mnexperten","author_link":"https:\/\/xn--smnexperten-rfb.se\/sv\/author\/smnexper\/"},"comment_info":0,"_links":{"self":[{"href":"https:\/\/xn--smnexperten-rfb.se\/sv\/wp-json\/wp\/v2\/pages\/6643","targetHints":{"allow":["GET"]}}],"collection":[{"href":"https:\/\/xn--smnexperten-rfb.se\/sv\/wp-json\/wp\/v2\/pages"}],"about":[{"href":"https:\/\/xn--smnexperten-rfb.se\/sv\/wp-json\/wp\/v2\/types\/page"}],"author":[{"embeddable":true,"href":"https:\/\/xn--smnexperten-rfb.se\/sv\/wp-json\/wp\/v2\/users\/1"}],"replies":[{"embeddable":true,"href":"https:\/\/xn--smnexperten-rfb.se\/sv\/wp-json\/wp\/v2\/comments?post=6643"}],"version-history":[{"count":31,"href":"https:\/\/xn--smnexperten-rfb.se\/sv\/wp-json\/wp\/v2\/pages\/6643\/revisions"}],"predecessor-version":[{"id":6699,"href":"https:\/\/xn--smnexperten-rfb.se\/sv\/wp-json\/wp\/v2\/pages\/6643\/revisions\/6699"}],"wp:attachment":[{"href":"https:\/\/xn--smnexperten-rfb.se\/sv\/wp-json\/wp\/v2\/media?parent=6643"}],"curies":[{"name":"wp","href":"https:\/\/api.w.org\/{rel}","templated":true}]}}